{"id":918,"date":"2022-04-14T22:10:58","date_gmt":"2022-04-14T22:10:58","guid":{"rendered":"https:\/\/mykonianwildvillas.com\/contacto\/"},"modified":"2024-04-18T16:18:56","modified_gmt":"2024-04-18T16:18:56","slug":"contacto","status":"publish","type":"page","link":"https:\/\/mykonianwildvillas.com\/es\/contacto\/","title":{"rendered":"Contacto"},"content":{"rendered":"<div class=\"wpb-content-wrapper\"><p>[vc_row equal_height=\u00bbyes\u00bb css=\u00bb.vc_custom_1620519886134{margin-bottom: 80px !important;padding-left: 10px !important;}\u00bb][vc_column css_animation=\u00bbfadeInLeft\u00bb width=\u00bb2\/3&#8243; css=\u00bb.vc_custom_1620520654190{margin-left: 20px !important;border-top-width: 6px !important;border-right-width: 6px !important;border-bottom-width: 6px !important;border-left-width: 6px !important;padding-top: 50px !important;padding-right: 25px !important;padding-bottom: 25px !important;padding-left: 25px !important;background-position: center !important;background-repeat: no-repeat !important;background-size: cover !important;border-left-color: #cec2ab !important;border-left-style: solid !important;border-right-color: #cec2ab !important;border-right-style: solid !important;border-top-color: #cec2ab !important;border-top-style: solid !important;border-bottom-color: #cec2ab !important;border-bottom-style: solid !important;}\u00bb]\n<div class=\"wpcf7 no-js\" id=\"wpcf7-f532-o1\" lang=\"es-ES\" dir=\"ltr\" data-wpcf7-id=\"532\">\n<div class=\"screen-reader-response\"><p role=\"status\" aria-live=\"polite\" aria-atomic=\"true\"><\/p> <ul><\/ul><\/div>\n<form action=\"\/es\/wp-json\/wp\/v2\/pages\/918#wpcf7-f532-o1\" method=\"post\" class=\"wpcf7-form init\" aria-label=\"Formulario de contacto\" novalidate=\"novalidate\" data-status=\"init\">\n<fieldset class=\"hidden-fields-container\"><input type=\"hidden\" name=\"_wpcf7\" value=\"532\" \/><input type=\"hidden\" name=\"_wpcf7_version\" value=\"6.1.6\" \/><input type=\"hidden\" name=\"_wpcf7_locale\" value=\"es_ES\" \/><input type=\"hidden\" name=\"_wpcf7_unit_tag\" value=\"wpcf7-f532-o1\" \/><input type=\"hidden\" name=\"_wpcf7_container_post\" value=\"0\" \/><input type=\"hidden\" name=\"_wpcf7_posted_data_hash\" value=\"\" \/><input type=\"hidden\" name=\"_wpcf7_recaptcha_response\" value=\"\" \/>\n<\/fieldset>\n<div class=\"row\"><div class=\"f-item one-half\"><label>Nombre y apellido <span class=\"req\">*<\/span><\/label><span class=\"wpcf7-form-control-wrap\" data-name=\"your-name\"><input size=\"40\" maxlength=\"400\" class=\"wpcf7-form-control wpcf7-text wpcf7-validates-as-required\" aria-required=\"true\" aria-invalid=\"false\" value=\"\" type=\"text\" name=\"your-name\" \/><\/span> <\/div>\n<div class=\"f-item one-half\"><label>Email<span class=\"req\">*<\/span><\/label><span class=\"wpcf7-form-control-wrap\" data-name=\"your-email\"><input size=\"40\" maxlength=\"400\" class=\"wpcf7-form-control wpcf7-email wpcf7-validates-as-required wpcf7-text wpcf7-validates-as-email\" aria-required=\"true\" aria-invalid=\"false\" value=\"\" type=\"email\" name=\"your-email\" \/><\/span><\/div>\n<div class=\"f-item one-half\"><label>Fecha de entrada<span class=\"req\">*<\/span><\/label><span class=\"wpcf7-form-control-wrap\" data-name=\"Check-indate\"><input class=\"wpcf7-form-control wpcf7-date wpcf7-validates-as-required wpcf7-validates-as-date\" aria-required=\"true\" aria-invalid=\"false\" value=\"\" type=\"date\" name=\"Check-indate\" \/><\/span><\/div>\n<div class=\"f-item one-half\"><label>Fecha de salida<span class=\"req\">*<\/span><\/label><span class=\"wpcf7-form-control-wrap\" data-name=\"Check-outdate\"><input class=\"wpcf7-form-control wpcf7-date wpcf7-validates-as-required wpcf7-validates-as-date\" aria-required=\"true\" aria-invalid=\"false\" value=\"\" type=\"date\" name=\"Check-outdate\" \/><\/span><\/div>\n<div class=\"f-item one-half\"><label>Invitados<span class=\"req\">*<\/span><\/label><span class=\"wpcf7-form-control-wrap\" data-name=\"Adults\"><input class=\"wpcf7-form-control wpcf7-number wpcf7-validates-as-required wpcf7-validates-as-number\" min=\"1\" max=\"12\" aria-required=\"true\" aria-invalid=\"false\" value=\"\" type=\"number\" name=\"Adults\" \/><\/span><\/div>\n<div class=\"f-item one-half\"><label>Seleccione su Villa <span class=\"req\">*<\/span><\/label><span class=\"wpcf7-form-control-wrap\" data-name=\"menu-952\"><select class=\"wpcf7-form-control wpcf7-select wpcf7-validates-as-required\" aria-required=\"true\" aria-invalid=\"false\" name=\"menu-952\"><option value=\"\">&#8212;Por favor, elige una opci\u00f3n&#8212;<\/option><option value=\"Villa Erato (4-6 hu\u00e9spedes)\">Villa Erato (4-6 hu\u00e9spedes)<\/option><option value=\"Villa Ifigenia  (4-6 hu\u00e9spedes)\">Villa Ifigenia  (4-6 hu\u00e9spedes)<\/option><option value=\"Ambas villas (hasta 12 hu\u00e9spedes)\">Ambas villas (hasta 12 hu\u00e9spedes)<\/option><\/select><\/span><\/div>\n<div class=\"f-item full-width\"><label> Su mensaje <\/label><span class=\"wpcf7-form-control-wrap\" data-name=\"your-message\"><textarea cols=\"40\" rows=\"10\" maxlength=\"2000\" class=\"wpcf7-form-control wpcf7-textarea\" aria-invalid=\"false\" name=\"your-message\"><\/textarea><\/span><\/div>\n<div class=\"f-item full-width\"><input class=\"wpcf7-form-control wpcf7-submit has-spinner\" type=\"submit\" value=\"Enviar\" \/><\/div><\/div><div class=\"wpcf7-response-output\" aria-hidden=\"true\"><\/div>\n<\/form>\n<\/div>\n[\/vc_column][vc_column css_animation=\u00bbnone\u00bb width=\u00bb1\/3&#8243; css=\u00bb.vc_custom_1534070236194{padding-top: 60px !important;padding-right: 0px !important;padding-bottom: 40px !important;}\u00bb][vc_custom_heading text=\u00bbReserva tus vacaciones\u00bb font_container=\u00bbtag:h2|font_size:45px|text_align:left|line_height:1.2&#8243; use_theme_fonts=\u00bbyes\u00bb el_id=\u00bbreservation\u00bb][vc_separator color=\u00bbchino\u00bb align=\u00bbalign_left\u00bb border_width=\u00bb6&#8243; el_width=\u00bb20&#8243;][vc_column_text]\u00a1Empieza a planificar tus vacaciones de verano en Mykonos ahora! Rellene nuestro formulario de reserva para enviar su consulta y alguien de nuestro equipo se pondr\u00e1 en contacto con usted en breve.[\/vc_column_text][\/vc_column][\/vc_row][vc_row css=\u00bb.vc_custom_1620337353608{margin-bottom: 80px !important;}\u00bb][vc_column][vc_separator color=\u00bbchino\u00bb style=\u00bbshadow\u00bb border_width=\u00bb4&#8243; el_width=\u00bb70&#8243; css_animation=\u00bbfadeInUp\u00bb][\/vc_column][\/vc_row][vc_row equal_height=\u00bbyes\u00bb css=\u00bb.vc_custom_1620519874319{margin-bottom: 80px !important;padding-left: 10px !important;}\u00bb][vc_column css_animation=\u00bbnone\u00bb width=\u00bb1\/3&#8243; css=\u00bb.vc_custom_1533816951592{padding-top: 60px !important;padding-bottom: 40px !important;}\u00bb][vc_custom_heading text=\u00bbComo llegar aqu\u00ed\u00bb font_container=\u00bbtag:h2|font_size:45px|text_align:left|line_height:1.2&#8243; use_theme_fonts=\u00bbyes\u00bb el_id=\u00bblocation\u00bb][vc_separator color=\u00bbchino\u00bb align=\u00bbalign_left\u00bb border_width=\u00bb6&#8243; el_width=\u00bb20&#8243;][vc_column_text]<strong>Conducir:<\/strong> Moverse por Mykonos en su propio medio de transporte (autom\u00f3vil, scooter, veh\u00edculo todo terreno) es bastante f\u00e1cil. Mykonian Wild Villas se encuentra aproximadamente a 4 km de Ano Mera Village y las playas del sureste como Kalafatis, Kalo Livadi y Lia, a 9 km de la ciudad de Mykonos, a 11 km del aeropuerto y el puerto y a 12 km de las populares playas de la costa sur como Platis Gialos. Ornos, Para\u00edso, Paraga, etc.<\/p>\n<p><strong>Taxi:<\/strong> Los taxis p\u00fablicos son muy dif\u00edciles de encontrar en Mykonos, especialmente en la temporada alta de verano, por lo que se recomienda buscar una empresa privada de traslados que lo lleve a donde quiera y a tiempo.&lt; \/p&gt;Tambi\u00e9n podemos organizarle un coche de alquiler para recogerlo en el aeropuerto.[\/vc_column_text][\/vc_column][vc_column css_animation=\u00bbfadeInRight\u00bb width=\u00bb2\/3&#8243; css=\u00bb.vc_custom_1534070143448{background-position: center !important;background-repeat: no-repeat !important;background-size: cover !important;}\u00bb][vc_gmaps link=\u00bb#E-8_JTNDaWZyYW1lJTIwc3JjJTNEJTIyaHR0cHMlM0ElMkYlMkZ3d3cuZ29vZ2xlLmNvbSUyRm1hcHMlMkZkJTJGdSUyRjElMkZlbWJlZCUzRm1pZCUzRDFuaUFIc3hfNUs4SUQtMlFhbndkbHhVQjQ0bm5PeE91dSUyNnolM0QxMSUyMiUyMHdpZHRoJTNEJTIyNjAwJTIyJTIwaGVpZ2h0JTNEJTIyNjAwJTIyJTIwZnJhbWVib3JkZXIlM0QlMjIwJTIyJTIwc3R5bGUlM0QlMjJib3JkZXIlM0ElMjAwcHglMjBub25lJTNCJTIwcG9pbnRlci1ldmVudHMlM0ElMjBub25lJTNCJTIyJTIwYWxsb3dmdWxsc2NyZWVuJTNFJTNDJTJGaWZyYW1lJTNF\u00bb][\/vc_column][\/vc_row][vc_row full_width=\u00bbstretch_row\u00bb content_placement=\u00bbmiddle\u00bb css=\u00bb.vc_custom_1620520989649{padding-bottom: 0px !important;background-color: #333333 !important;}\u00bb][vc_column css=\u00bb.vc_custom_1647387324103{padding-top: 80px !important;padding-bottom: 50px !important;}\u00bb][vc_column_text css=\u00bb.vc_custom_1713457129772{padding-bottom: 10px !important;}\u00bb]<\/p>\n<p><img loading=\"lazy\" decoding=\"async\" class=\"aligncenter wp-image-292\" src=\"https:\/\/mykonianwildvillas.com\/wp-content\/uploads\/2021\/05\/logo-med-trans-white.png\" alt=\"\" width=\"280\" height=\"86\" \/><br \/>\n<span style=\"text-align: center; font-size: 16px; color: #fff; display: block;\">Address: Merchia Beach, Mykonos, 84600, Greece\u00a0<\/span> <span style=\"text-align: center; font-size: 16px; color: #fff; display: block;\">Email: <a style=\"color: #fff;\" href=\"mailto:info@mykonianwildvillas.com\">info@mykonianwildvillas.com<\/a><\/span><span style=\"text-align: center; font-size: 16px; color: #fff; display: block;\"> Telephone: <a style=\"color: #fff;\" href=\"tel:00306944420440\">+306944420440<\/a><img loading=\"lazy\" decoding=\"async\" style=\"vertical-align: middle; padding-left: 5px; padding-top: 3px;\" src=\"https:\/\/mykonianwildvillas.com\/wp-content\/uploads\/2024\/04\/viber-wa2.png\" alt=\"\" width=\"55\" height=\"27\" \/><br \/>\n<\/span>&gt;<\/p>\n<p>[\/vc_column_text][vc_raw_html]PGRpdiBzdHlsZT0ibWFyZ2luOiBhdXRvOyB0ZXh0LWFsaWduOiBjZW50ZXI7IG1hcmdpbi10b3A6IC0zNXB4OyI+DQo8YSBocmVmPSJodHRwczovL3d3dy5pbnN0YWdyYW0uY29tL215a29uaWFud2lsZHZpbGxhcy8iPjxzcGFuIGNsYXNzPSJ2Y19pY29uX2VsZW1lbnQtaWNvbiBmYWIgZmEtaW5zdGFncmFtIiBzdHlsZT0iY29sb3I6ICNjZWMyYWI7Zm9udC1zaXplOiAyOHB4O21hcmdpbi1yaWdodDogMTVweDsiPjwvc3Bhbj48L2E+PGEgaHJlZj0iaHR0cHM6Ly93d3cuZmFjZWJvb2suY29tL215a29uaWFud2lsZHZpbGxhcy8iPjxzcGFuIGNsYXNzPSJ2Y19pY29uX2VsZW1lbnQtaWNvbiBmYWIgZmEtZmFjZWJvb2stc3F1YXJlIiBzdHlsZT0iY29sb3I6ICNjZWMyYWI7Zm9udC1zaXplOiAyOHB4O21hcmdpbi1yaWdodDogMTVweDsiPjwvc3Bhbj48L2E+DQo8L2Rpdj4=[\/vc_raw_html][vc_icon color=\u00bbcustom\u00bb size=\u00bbxs\u00bb align=\u00bbcenter\u00bb css=\u00bb.vc_custom_1647385093940{padding-top: 20px !important;}\u00bb custom_color=\u00bb#333333&#8243; el_class=\u00bbmycustom3&#8243;][vc_raw_html]PGRpdiBzdHlsZT0ibWFyZ2luOiBhdXRvOyB0ZXh0LWFsaWduOiBjZW50ZXI7IG1hcmdpbi10b3A6IC0zNXB4OyI+W3dwbWxfbGFuZ3VhZ2Vfc2VsZWN0b3Jfd2lkZ2V0XTwvZGl2Pg==[\/vc_raw_html][\/vc_column][\/vc_row]<\/p>\n<\/div>","protected":false},"excerpt":{"rendered":"<p>[vc_row equal_height=\u00bbyes\u00bb css=\u00bb.vc_custom_1620519886134{margin-bottom: 80px !important;padding-left: 10px !important;}\u00bb][vc_column css_animation=\u00bbfadeInLeft\u00bb width=\u00bb2\/3&#8243; css=\u00bb.vc_custom_1620520654190{margin-left: 20px !important;border-top-width: 6px !important;border-right-width: 6px !important;border-bottom-width: 6px !important;border-left-width: 6px !important;padding-top: 50px !important;padding-right: 25px !important;padding-bottom: 25px !important;padding-left: 25px !important;background-position: center !important;background-repeat: no-repeat !important;background-size: cover !important;border-left-color: #cec2ab !important;border-left-style: solid !important;border-right-color: #cec2ab !important;border-right-style: solid !important;border-top-color: #cec2ab !important;border-top-style: solid !important;border-bottom-color: #cec2ab !important;border-bottom-style: solid !important;}\u00bb][\/vc_column][vc_column css_animation=\u00bbnone\u00bb width=\u00bb1\/3&#8243; css=\u00bb.vc_custom_1534070236194{padding-top: 60px !important;padding-right: [&hellip;]<\/p>\n","protected":false},"author":1,"featured_media":0,"parent":0,"menu_order":0,"comment_status":"closed","ping_status":"closed","template":"","meta":{"footnotes":""},"class_list":["post-918","page","type-page","status-publish","hentry"],"yoast_head":"<!-- This site is optimized with the Yoast SEO plugin v27.6 - https:\/\/yoast.com\/product\/yoast-seo-wordpress\/ -->\n<title>Contacto - Mykonian Wild Villas - Mykonos Villas for Rent<\/title>\n<meta name=\"description\" content=\"\u00a1Empieza a planificar tus vacaciones de verano en Mykonos ahora! \u00a1Complete nuestro formulario de Reserva para enviar su consulta para cualquiera de nuestras Villas en alquiler!\" \/>\n<meta name=\"robots\" content=\"index, follow, max-snippet:-1, max-image-preview:large, max-video-preview:-1\" \/>\n<link rel=\"canonical\" href=\"https:\/\/mykonianwildvillas.com\/es\/contacto\/\" \/>\n<meta property=\"og:locale\" content=\"es_ES\" \/>\n<meta property=\"og:type\" content=\"article\" \/>\n<meta property=\"og:title\" content=\"Contacto - Mykonian Wild Villas - Mykonos Villas for Rent\" \/>\n<meta property=\"og:description\" content=\"\u00a1Empieza a planificar tus vacaciones de verano en Mykonos ahora! \u00a1Complete nuestro formulario de Reserva para enviar su consulta para cualquiera de nuestras Villas en alquiler!\" \/>\n<meta property=\"og:url\" content=\"https:\/\/mykonianwildvillas.com\/es\/contacto\/\" \/>\n<meta property=\"og:site_name\" content=\"Mykonian Wild Villas - Mykonos Villas for Rent\" \/>\n<meta property=\"article:modified_time\" content=\"2024-04-18T16:18:56+00:00\" \/>\n<meta property=\"og:image\" content=\"https:\/\/mykonianwildvillas.com\/wp-content\/uploads\/2021\/05\/logo-med-trans-white.png\" \/>\n<meta name=\"twitter:card\" content=\"summary_large_image\" \/>\n<meta name=\"twitter:label1\" content=\"Tiempo de lectura\" \/>\n\t<meta name=\"twitter:data1\" content=\"3 minutos\" \/>\n<script type=\"application\/ld+json\" class=\"yoast-schema-graph\">{\"@context\":\"https:\\\/\\\/schema.org\",\"@graph\":[{\"@type\":\"WebPage\",\"@id\":\"https:\\\/\\\/mykonianwildvillas.com\\\/es\\\/contacto\\\/\",\"url\":\"https:\\\/\\\/mykonianwildvillas.com\\\/es\\\/contacto\\\/\",\"name\":\"Contacto - Mykonian Wild Villas - Mykonos Villas for Rent\",\"isPartOf\":{\"@id\":\"https:\\\/\\\/mykonianwildvillas.com\\\/#website\"},\"primaryImageOfPage\":{\"@id\":\"https:\\\/\\\/mykonianwildvillas.com\\\/es\\\/contacto\\\/#primaryimage\"},\"image\":{\"@id\":\"https:\\\/\\\/mykonianwildvillas.com\\\/es\\\/contacto\\\/#primaryimage\"},\"thumbnailUrl\":\"https:\\\/\\\/mykonianwildvillas.com\\\/wp-content\\\/uploads\\\/2021\\\/05\\\/logo-med-trans-white.png\",\"datePublished\":\"2022-04-14T22:10:58+00:00\",\"dateModified\":\"2024-04-18T16:18:56+00:00\",\"description\":\"\u00a1Empieza a planificar tus vacaciones de verano en Mykonos ahora! \u00a1Complete nuestro formulario de Reserva para enviar su consulta para cualquiera de nuestras Villas en alquiler!\",\"breadcrumb\":{\"@id\":\"https:\\\/\\\/mykonianwildvillas.com\\\/es\\\/contacto\\\/#breadcrumb\"},\"inLanguage\":\"es\",\"potentialAction\":[{\"@type\":\"ReadAction\",\"target\":[\"https:\\\/\\\/mykonianwildvillas.com\\\/es\\\/contacto\\\/\"]}]},{\"@type\":\"ImageObject\",\"inLanguage\":\"es\",\"@id\":\"https:\\\/\\\/mykonianwildvillas.com\\\/es\\\/contacto\\\/#primaryimage\",\"url\":\"https:\\\/\\\/mykonianwildvillas.com\\\/wp-content\\\/uploads\\\/2021\\\/05\\\/logo-med-trans-white.png\",\"contentUrl\":\"https:\\\/\\\/mykonianwildvillas.com\\\/wp-content\\\/uploads\\\/2021\\\/05\\\/logo-med-trans-white.png\"},{\"@type\":\"BreadcrumbList\",\"@id\":\"https:\\\/\\\/mykonianwildvillas.com\\\/es\\\/contacto\\\/#breadcrumb\",\"itemListElement\":[{\"@type\":\"ListItem\",\"position\":1,\"name\":\"Home\",\"item\":\"https:\\\/\\\/mykonianwildvillas.com\\\/es\\\/\"},{\"@type\":\"ListItem\",\"position\":2,\"name\":\"Contacto\"}]},{\"@type\":\"WebSite\",\"@id\":\"https:\\\/\\\/mykonianwildvillas.com\\\/#website\",\"url\":\"https:\\\/\\\/mykonianwildvillas.com\\\/\",\"name\":\"Mykonian Wild Villas - Mykonos Villas for Rent\",\"description\":\"Book your dream villa in Mykonos\",\"publisher\":{\"@id\":\"https:\\\/\\\/mykonianwildvillas.com\\\/#organization\"},\"potentialAction\":[{\"@type\":\"SearchAction\",\"target\":{\"@type\":\"EntryPoint\",\"urlTemplate\":\"https:\\\/\\\/mykonianwildvillas.com\\\/?s={search_term_string}\"},\"query-input\":{\"@type\":\"PropertyValueSpecification\",\"valueRequired\":true,\"valueName\":\"search_term_string\"}}],\"inLanguage\":\"es\"},{\"@type\":\"Organization\",\"@id\":\"https:\\\/\\\/mykonianwildvillas.com\\\/#organization\",\"name\":\"Mykonian Wild Villas - Mykonos Villas for Rent\",\"url\":\"https:\\\/\\\/mykonianwildvillas.com\\\/\",\"logo\":{\"@type\":\"ImageObject\",\"inLanguage\":\"es\",\"@id\":\"https:\\\/\\\/mykonianwildvillas.com\\\/#\\\/schema\\\/logo\\\/image\\\/\",\"url\":\"https:\\\/\\\/mykonianwildvillas.com\\\/wp-content\\\/uploads\\\/2021\\\/05\\\/logo-med-trans-2.png\",\"contentUrl\":\"https:\\\/\\\/mykonianwildvillas.com\\\/wp-content\\\/uploads\\\/2021\\\/05\\\/logo-med-trans-2.png\",\"width\":326,\"height\":100,\"caption\":\"Mykonian Wild Villas - Mykonos Villas for Rent\"},\"image\":{\"@id\":\"https:\\\/\\\/mykonianwildvillas.com\\\/#\\\/schema\\\/logo\\\/image\\\/\"}}]}<\/script>\n<!-- \/ Yoast SEO plugin. -->","yoast_head_json":{"title":"Contacto - Mykonian Wild Villas - Mykonos Villas for Rent","description":"\u00a1Empieza a planificar tus vacaciones de verano en Mykonos ahora! \u00a1Complete nuestro formulario de Reserva para enviar su consulta para cualquiera de nuestras Villas en alquiler!","robots":{"index":"index","follow":"follow","max-snippet":"max-snippet:-1","max-image-preview":"max-image-preview:large","max-video-preview":"max-video-preview:-1"},"canonical":"https:\/\/mykonianwildvillas.com\/es\/contacto\/","og_locale":"es_ES","og_type":"article","og_title":"Contacto - Mykonian Wild Villas - Mykonos Villas for Rent","og_description":"\u00a1Empieza a planificar tus vacaciones de verano en Mykonos ahora! \u00a1Complete nuestro formulario de Reserva para enviar su consulta para cualquiera de nuestras Villas en alquiler!","og_url":"https:\/\/mykonianwildvillas.com\/es\/contacto\/","og_site_name":"Mykonian Wild Villas - Mykonos Villas for Rent","article_modified_time":"2024-04-18T16:18:56+00:00","og_image":[{"url":"https:\/\/mykonianwildvillas.com\/wp-content\/uploads\/2021\/05\/logo-med-trans-white.png","type":"","width":"","height":""}],"twitter_card":"summary_large_image","twitter_misc":{"Tiempo de lectura":"3 minutos"},"schema":{"@context":"https:\/\/schema.org","@graph":[{"@type":"WebPage","@id":"https:\/\/mykonianwildvillas.com\/es\/contacto\/","url":"https:\/\/mykonianwildvillas.com\/es\/contacto\/","name":"Contacto - Mykonian Wild Villas - Mykonos Villas for Rent","isPartOf":{"@id":"https:\/\/mykonianwildvillas.com\/#website"},"primaryImageOfPage":{"@id":"https:\/\/mykonianwildvillas.com\/es\/contacto\/#primaryimage"},"image":{"@id":"https:\/\/mykonianwildvillas.com\/es\/contacto\/#primaryimage"},"thumbnailUrl":"https:\/\/mykonianwildvillas.com\/wp-content\/uploads\/2021\/05\/logo-med-trans-white.png","datePublished":"2022-04-14T22:10:58+00:00","dateModified":"2024-04-18T16:18:56+00:00","description":"\u00a1Empieza a planificar tus vacaciones de verano en Mykonos ahora! \u00a1Complete nuestro formulario de Reserva para enviar su consulta para cualquiera de nuestras Villas en alquiler!","breadcrumb":{"@id":"https:\/\/mykonianwildvillas.com\/es\/contacto\/#breadcrumb"},"inLanguage":"es","potentialAction":[{"@type":"ReadAction","target":["https:\/\/mykonianwildvillas.com\/es\/contacto\/"]}]},{"@type":"ImageObject","inLanguage":"es","@id":"https:\/\/mykonianwildvillas.com\/es\/contacto\/#primaryimage","url":"https:\/\/mykonianwildvillas.com\/wp-content\/uploads\/2021\/05\/logo-med-trans-white.png","contentUrl":"https:\/\/mykonianwildvillas.com\/wp-content\/uploads\/2021\/05\/logo-med-trans-white.png"},{"@type":"BreadcrumbList","@id":"https:\/\/mykonianwildvillas.com\/es\/contacto\/#breadcrumb","itemListElement":[{"@type":"ListItem","position":1,"name":"Home","item":"https:\/\/mykonianwildvillas.com\/es\/"},{"@type":"ListItem","position":2,"name":"Contacto"}]},{"@type":"WebSite","@id":"https:\/\/mykonianwildvillas.com\/#website","url":"https:\/\/mykonianwildvillas.com\/","name":"Mykonian Wild Villas - Mykonos Villas for Rent","description":"Book your dream villa in Mykonos","publisher":{"@id":"https:\/\/mykonianwildvillas.com\/#organization"},"potentialAction":[{"@type":"SearchAction","target":{"@type":"EntryPoint","urlTemplate":"https:\/\/mykonianwildvillas.com\/?s={search_term_string}"},"query-input":{"@type":"PropertyValueSpecification","valueRequired":true,"valueName":"search_term_string"}}],"inLanguage":"es"},{"@type":"Organization","@id":"https:\/\/mykonianwildvillas.com\/#organization","name":"Mykonian Wild Villas - Mykonos Villas for Rent","url":"https:\/\/mykonianwildvillas.com\/","logo":{"@type":"ImageObject","inLanguage":"es","@id":"https:\/\/mykonianwildvillas.com\/#\/schema\/logo\/image\/","url":"https:\/\/mykonianwildvillas.com\/wp-content\/uploads\/2021\/05\/logo-med-trans-2.png","contentUrl":"https:\/\/mykonianwildvillas.com\/wp-content\/uploads\/2021\/05\/logo-med-trans-2.png","width":326,"height":100,"caption":"Mykonian Wild Villas - Mykonos Villas for Rent"},"image":{"@id":"https:\/\/mykonianwildvillas.com\/#\/schema\/logo\/image\/"}}]}},"_links":{"self":[{"href":"https:\/\/mykonianwildvillas.com\/es\/wp-json\/wp\/v2\/pages\/918","targetHints":{"allow":["GET"]}}],"collection":[{"href":"https:\/\/mykonianwildvillas.com\/es\/wp-json\/wp\/v2\/pages"}],"about":[{"href":"https:\/\/mykonianwildvillas.com\/es\/wp-json\/wp\/v2\/types\/page"}],"author":[{"embeddable":true,"href":"https:\/\/mykonianwildvillas.com\/es\/wp-json\/wp\/v2\/users\/1"}],"replies":[{"embeddable":true,"href":"https:\/\/mykonianwildvillas.com\/es\/wp-json\/wp\/v2\/comments?post=918"}],"version-history":[{"count":8,"href":"https:\/\/mykonianwildvillas.com\/es\/wp-json\/wp\/v2\/pages\/918\/revisions"}],"predecessor-version":[{"id":1047,"href":"https:\/\/mykonianwildvillas.com\/es\/wp-json\/wp\/v2\/pages\/918\/revisions\/1047"}],"wp:attachment":[{"href":"https:\/\/mykonianwildvillas.com\/es\/wp-json\/wp\/v2\/media?parent=918"}],"curies":[{"name":"wp","href":"https:\/\/api.w.org\/{rel}","templated":true}]}}