{"id":927,"date":"2022-04-14T22:15:59","date_gmt":"2022-04-14T22:15:59","guid":{"rendered":"https:\/\/mykonianwildvillas.com\/servicios\/"},"modified":"2024-04-18T16:19:30","modified_gmt":"2024-04-18T16:19:30","slug":"servicios","status":"publish","type":"page","link":"https:\/\/mykonianwildvillas.com\/es\/servicios\/","title":{"rendered":"Servicios"},"content":{"rendered":"<div class=\"wpb-content-wrapper\"><p>[vc_row equal_height=\u00bbyes\u00bb css=\u00bb.vc_custom_1620519868365{margin-bottom: 80px !important;padding-left: 10px !important;}\u00bb][vc_column css_animation=\u00bbfadeInLeft\u00bb width=\u00bb2\/3&#8243; css=\u00bb.vc_custom_1620811850562{margin-left: 5px !important;background-position: center !important;background-repeat: no-repeat !important;background-size: cover !important;}\u00bb][vc_single_image image=\u00bb344&#8243; img_size=\u00bb800&#215;800&#8243; alignment=\u00bbcenter\u00bb][\/vc_column][vc_column css_animation=\u00bbnone\u00bb width=\u00bb1\/3&#8243; css=\u00bb.vc_custom_1620515370108{padding-top: 60px !important;padding-right: 0px !important;padding-bottom: 10px !important;}\u00bb][vc_custom_heading text=\u00bb\u00a1Del\u00e9itese con nuestros exquisitos servicios!\u00bb font_container=\u00bbtag:h2|font_size:45px|text_align:left|line_height:1.2&#8243; use_theme_fonts=\u00bbyes\u00bb el_id=\u00bbservices\u00bb][vc_separator color=\u00bbchino\u00bb align=\u00bbalign_left\u00bb border_width=\u00bb6&#8243; el_width=\u00bb20&#8243;][vc_column_text]Cuando se trata de nuestros servicios, nuestros hu\u00e9spedes experimentar\u00e1n altos est\u00e1ndares de mimos, a trav\u00e9s de nuestros socios locales cuidadosamente seleccionados.[\/vc_column_text][vc_row_inner][vc_column_inner width=\u00bb1\/2&#8243;][vc_column_text]<\/p>\n<ul>\n<li>Chef privado<\/li>\n<li>Mayordomos privados<\/li>\n<li>Asistente privado<\/li>\n<li>Sitio de beb\u00e9<\/li>\n<li>Servicios de belleza<\/li>\n<li>Bienestar y fitness<\/li>\n<\/ul>\n<p>[\/vc_column_text][\/vc_column_inner][vc_column_inner width=\u00bb1\/2&#8243;][vc_column_text]<\/p>\n<ul>\n<li>Servicios de compras<\/li>\n<li>Transporte<\/li>\n<li>Coches y bicicletas<\/li>\n<li>Seguridad y Asistente<\/li>\n<li>Visitas de lujo en Mykonos<\/li>\n<li>Recorridos aut\u00e9nticos de Mykonos<\/li>\n<\/ul>\n<p>[\/vc_column_text][\/vc_column_inner][\/vc_row_inner][\/vc_column][\/vc_row][vc_row css=\u00bb.vc_custom_1620337353608{margin-bottom: 80px !important;}\u00bb][vc_column][vc_separator color=\u00bbchino\u00bb style=\u00bbshadow\u00bb border_width=\u00bb4&#8243; el_width=\u00bb70&#8243; css_animation=\u00bbfadeInUp\u00bb][\/vc_column][\/vc_row][vc_row equal_height=\u00bbyes\u00bb css=\u00bb.vc_custom_1620519868365{margin-bottom: 80px !important;padding-left: 10px !important;}\u00bb][vc_column css_animation=\u00bbnone\u00bb width=\u00bb1\/3&#8243; css=\u00bb.vc_custom_1620515370108{padding-top: 60px !important;padding-right: 0px !important;padding-bottom: 10px !important;}\u00bb][vc_custom_heading text=\u00bbVive la buena vida\u00bb font_container=\u00bbtag:h2|font_size:45px|text_align:left|line_height:1.2&#8243; use_theme_fonts=\u00bbyes\u00bb][vc_separator color=\u00bbchino\u00bb align=\u00bbalign_left\u00bb border_width=\u00bb6&#8243; el_width=\u00bb20&#8243;][vc_column_text]Comprom\u00e9tanse con la vida y busquen nuevos placeres y nuevos destinos para complacerse. Nuestras villas privadas en Mykonos est\u00e1n disponibles para alquilar, ya sea individualmente o combinadas, y son ideales para:<\/p>\n<ul>\n<li>Hu\u00e9spedes que la privacidad es una necesidad absoluta durante sus vacaciones y buscan un refugio aislado en Mykonos.<\/li>\n<li>Amigos que buscan una casa de vacaciones con estilo para albergar sus noches y d\u00edas sin preocupaciones en la isla de la vibrante vida nocturna.<\/li>\n<li>Luna de miel en busca de un entorno rom\u00e1ntico, con preciosas vistas al mar en un oasis de serenidad en medio del bullicio de la isla de Mykonos.<\/li>\n<\/ul>\n<p>[\/vc_column_text][\/vc_column][vc_column css_animation=\u00bbfadeInRight\u00bb width=\u00bb2\/3&#8243; css=\u00bb.vc_custom_1647303271017{background-position: center !important;background-repeat: no-repeat !important;background-size: cover !important;}\u00bb][vc_single_image image=\u00bb277&#8243; img_size=\u00bbfull\u00bb alignment=\u00bbcenter\u00bb][\/vc_column][\/vc_row][vc_row css=\u00bb.vc_custom_1620337353608{margin-bottom: 80px !important;}\u00bb][vc_column][vc_separator color=\u00bbchino\u00bb style=\u00bbshadow\u00bb border_width=\u00bb4&#8243; el_width=\u00bb70&#8243; css_animation=\u00bbfadeInUp\u00bb][\/vc_column][\/vc_row][vc_row equal_height=\u00bbyes\u00bb css=\u00bb.vc_custom_1620519886134{margin-bottom: 80px !important;padding-left: 10px !important;}\u00bb][vc_column css_animation=\u00bbfadeInLeft\u00bb width=\u00bb2\/3&#8243; css=\u00bb.vc_custom_1620520654190{margin-left: 20px !important;border-top-width: 6px !important;border-right-width: 6px !important;border-bottom-width: 6px !important;border-left-width: 6px !important;padding-top: 50px !important;padding-right: 25px !important;padding-bottom: 25px !important;padding-left: 25px !important;background-position: center !important;background-repeat: no-repeat !important;background-size: cover !important;border-left-color: #cec2ab !important;border-left-style: solid !important;border-right-color: #cec2ab !important;border-right-style: solid !important;border-top-color: #cec2ab !important;border-top-style: solid !important;border-bottom-color: #cec2ab !important;border-bottom-style: solid !important;}\u00bb]\n<div class=\"wpcf7 no-js\" id=\"wpcf7-f532-o1\" lang=\"es-ES\" dir=\"ltr\" data-wpcf7-id=\"532\">\n<div class=\"screen-reader-response\"><p role=\"status\" aria-live=\"polite\" aria-atomic=\"true\"><\/p> <ul><\/ul><\/div>\n<form action=\"\/es\/wp-json\/wp\/v2\/pages\/927#wpcf7-f532-o1\" method=\"post\" class=\"wpcf7-form init\" aria-label=\"Formulario de contacto\" novalidate=\"novalidate\" data-status=\"init\">\n<fieldset class=\"hidden-fields-container\"><input type=\"hidden\" name=\"_wpcf7\" value=\"532\" \/><input type=\"hidden\" name=\"_wpcf7_version\" value=\"6.1.5\" \/><input type=\"hidden\" name=\"_wpcf7_locale\" value=\"es_ES\" \/><input type=\"hidden\" name=\"_wpcf7_unit_tag\" value=\"wpcf7-f532-o1\" \/><input type=\"hidden\" name=\"_wpcf7_container_post\" value=\"0\" \/><input type=\"hidden\" name=\"_wpcf7_posted_data_hash\" value=\"\" \/><input type=\"hidden\" name=\"_wpcf7_recaptcha_response\" value=\"\" \/>\n<\/fieldset>\n<div class=\"row\"><div class=\"f-item one-half\"><label>Nombre y apellido <span class=\"req\">*<\/span><\/label><span class=\"wpcf7-form-control-wrap\" data-name=\"your-name\"><input size=\"40\" maxlength=\"400\" class=\"wpcf7-form-control wpcf7-text wpcf7-validates-as-required\" aria-required=\"true\" aria-invalid=\"false\" value=\"\" type=\"text\" name=\"your-name\" \/><\/span> <\/div>\n<div class=\"f-item one-half\"><label>Email<span class=\"req\">*<\/span><\/label><span class=\"wpcf7-form-control-wrap\" data-name=\"your-email\"><input size=\"40\" maxlength=\"400\" class=\"wpcf7-form-control wpcf7-email wpcf7-validates-as-required wpcf7-text wpcf7-validates-as-email\" aria-required=\"true\" aria-invalid=\"false\" value=\"\" type=\"email\" name=\"your-email\" \/><\/span><\/div>\n<div class=\"f-item one-half\"><label>Fecha de entrada<span class=\"req\">*<\/span><\/label><span class=\"wpcf7-form-control-wrap\" data-name=\"Check-indate\"><input class=\"wpcf7-form-control wpcf7-date wpcf7-validates-as-required wpcf7-validates-as-date\" aria-required=\"true\" aria-invalid=\"false\" value=\"\" type=\"date\" name=\"Check-indate\" \/><\/span><\/div>\n<div class=\"f-item one-half\"><label>Fecha de salida<span class=\"req\">*<\/span><\/label><span class=\"wpcf7-form-control-wrap\" data-name=\"Check-outdate\"><input class=\"wpcf7-form-control wpcf7-date wpcf7-validates-as-required wpcf7-validates-as-date\" aria-required=\"true\" aria-invalid=\"false\" value=\"\" type=\"date\" name=\"Check-outdate\" \/><\/span><\/div>\n<div class=\"f-item one-half\"><label>Invitados<span class=\"req\">*<\/span><\/label><span class=\"wpcf7-form-control-wrap\" data-name=\"Adults\"><input class=\"wpcf7-form-control wpcf7-number wpcf7-validates-as-required wpcf7-validates-as-number\" min=\"1\" max=\"12\" aria-required=\"true\" aria-invalid=\"false\" value=\"\" type=\"number\" name=\"Adults\" \/><\/span><\/div>\n<div class=\"f-item one-half\"><label>Seleccione su Villa <span class=\"req\">*<\/span><\/label><span class=\"wpcf7-form-control-wrap\" data-name=\"menu-952\"><select class=\"wpcf7-form-control wpcf7-select wpcf7-validates-as-required\" aria-required=\"true\" aria-invalid=\"false\" name=\"menu-952\"><option value=\"\">&#8212;Por favor, elige una opci\u00f3n&#8212;<\/option><option value=\"Villa Erato (4-6 hu\u00e9spedes)\">Villa Erato (4-6 hu\u00e9spedes)<\/option><option value=\"Villa Ifigenia  (4-6 hu\u00e9spedes)\">Villa Ifigenia  (4-6 hu\u00e9spedes)<\/option><option value=\"Ambas villas (hasta 12 hu\u00e9spedes)\">Ambas villas (hasta 12 hu\u00e9spedes)<\/option><\/select><\/span><\/div>\n<div class=\"f-item full-width\"><label> Su mensaje <\/label><span class=\"wpcf7-form-control-wrap\" data-name=\"your-message\"><textarea cols=\"40\" rows=\"10\" maxlength=\"2000\" class=\"wpcf7-form-control wpcf7-textarea\" aria-invalid=\"false\" name=\"your-message\"><\/textarea><\/span><\/div>\n<div class=\"f-item full-width\"><input class=\"wpcf7-form-control wpcf7-submit has-spinner\" type=\"submit\" value=\"Enviar\" \/><\/div><\/div><div class=\"wpcf7-response-output\" aria-hidden=\"true\"><\/div>\n<\/form>\n<\/div>\n[\/vc_column][vc_column css_animation=\u00bbnone\u00bb width=\u00bb1\/3&#8243; css=\u00bb.vc_custom_1534070236194{padding-top: 60px !important;padding-right: 0px !important;padding-bottom: 40px !important;}\u00bb][vc_custom_heading text=\u00bbReserva tus vacaciones\u00bb font_container=\u00bbtag:h2|font_size:45px|text_align:left|line_height:1.2&#8243; use_theme_fonts=\u00bbyes\u00bb el_id=\u00bbreservation\u00bb][vc_separator color=\u00bbchino\u00bb align=\u00bbalign_left\u00bb border_width=\u00bb6&#8243; el_width=\u00bb20&#8243;][vc_column_text]\u00a1Empieza a planificar tus vacaciones de verano en Mykonos ahora! Rellene nuestro formulario de reserva para enviar su consulta y alguien de nuestro equipo se pondr\u00e1 en contacto con usted en breve.[\/vc_column_text][\/vc_column][\/vc_row][vc_row full_width=\u00bbstretch_row\u00bb content_placement=\u00bbmiddle\u00bb css=\u00bb.vc_custom_1620520989649{padding-bottom: 0px !important;background-color: #333333 !important;}\u00bb][vc_column css=\u00bb.vc_custom_1647387324103{padding-top: 80px !important;padding-bottom: 50px !important;}\u00bb][vc_column_text css=\u00bb.vc_custom_1658906280068{padding-bottom: 10px !important;}\u00bb]<img loading=\"lazy\" decoding=\"async\" class=\"aligncenter wp-image-292\" src=\"https:\/\/mykonianwildvillas.com\/wp-content\/uploads\/2021\/05\/logo-med-trans-white.png\" alt=\"\" width=\"280\" height=\"86\" \/><br \/>\n<span style=\"text-align: center; font-size: 16px; color: #fff; display: block;\">Address: Merchia Beach, Mykonos, 84600, Greece\u00a0<\/span> <span style=\"text-align: center; font-size: 16px; color: #fff; display: block;\">Email: <a style=\"color: #fff;\" href=\"mailto:info@mykonianwildvillas.com\">info@mykonianwildvillas.com<\/a><\/span><span style=\"text-align: center; font-size: 16px; color: #fff; display: block;\"> Telephone: <a style=\"color: #fff;\" href=\"tel:00306944420440\">+306944420440<\/a><img loading=\"lazy\" decoding=\"async\" style=\"vertical-align: middle; padding-left: 5px; padding-top: 3px;\" src=\"https:\/\/mykonianwildvillas.com\/wp-content\/uploads\/2024\/04\/viber-wa2.png\" alt=\"\" width=\"55\" height=\"27\" \/><br \/>\n<\/span>>[\/vc_column_text][vc_raw_html]PGRpdiBzdHlsZT0ibWFyZ2luOiBhdXRvOyB0ZXh0LWFsaWduOiBjZW50ZXI7IG1hcmdpbi10b3A6IC0zNXB4OyI+DQo8YSBocmVmPSJodHRwczovL3d3dy5pbnN0YWdyYW0uY29tL215a29uaWFud2lsZHZpbGxhcy8iPjxzcGFuIGNsYXNzPSJ2Y19pY29uX2VsZW1lbnQtaWNvbiBmYWIgZmEtaW5zdGFncmFtIiBzdHlsZT0iY29sb3I6ICNjZWMyYWI7Zm9udC1zaXplOiAyOHB4O21hcmdpbi1yaWdodDogMTVweDsiPjwvc3Bhbj48L2E+PGEgaHJlZj0iaHR0cHM6Ly93d3cuZmFjZWJvb2suY29tL215a29uaWFud2lsZHZpbGxhcy8iPjxzcGFuIGNsYXNzPSJ2Y19pY29uX2VsZW1lbnQtaWNvbiBmYWIgZmEtZmFjZWJvb2stc3F1YXJlIiBzdHlsZT0iY29sb3I6ICNjZWMyYWI7Zm9udC1zaXplOiAyOHB4O21hcmdpbi1yaWdodDogMTVweDsiPjwvc3Bhbj48L2E+DQo8L2Rpdj4=[\/vc_raw_html][vc_icon color=\u00bbcustom\u00bb size=\u00bbxs\u00bb align=\u00bbcenter\u00bb custom_color=\u00bb#333333&#8243; el_class=\u00bbmycustom3&#8243; css=\u00bb.vc_custom_1647385093940{padding-top: 20px !important;}\u00bb][vc_raw_html]PGRpdiBzdHlsZT0ibWFyZ2luOiBhdXRvOyB0ZXh0LWFsaWduOiBjZW50ZXI7IG1hcmdpbi10b3A6IC0zNXB4OyI+W3dwbWxfbGFuZ3VhZ2Vfc2VsZWN0b3Jfd2lkZ2V0XTwvZGl2Pg==[\/vc_raw_html][\/vc_column][\/vc_row]<\/p>\n<\/div>","protected":false},"excerpt":{"rendered":"<p>[vc_row equal_height=\u00bbyes\u00bb css=\u00bb.vc_custom_1620519868365{margin-bottom: 80px !important;padding-left: 10px !important;}\u00bb][vc_column css_animation=\u00bbfadeInLeft\u00bb width=\u00bb2\/3&#8243; css=\u00bb.vc_custom_1620811850562{margin-left: 5px !important;background-position: center !important;background-repeat: no-repeat !important;background-size: cover !important;}\u00bb][vc_single_image image=\u00bb344&#8243; img_size=\u00bb800&#215;800&#8243; alignment=\u00bbcenter\u00bb][\/vc_column][vc_column css_animation=\u00bbnone\u00bb width=\u00bb1\/3&#8243; css=\u00bb.vc_custom_1620515370108{padding-top: 60px !important;padding-right: 0px !important;padding-bottom: 10px !important;}\u00bb][vc_custom_heading text=\u00bb\u00a1Del\u00e9itese con nuestros exquisitos servicios!\u00bb font_container=\u00bbtag:h2|font_size:45px|text_align:left|line_height:1.2&#8243; use_theme_fonts=\u00bbyes\u00bb el_id=\u00bbservices\u00bb][vc_separator color=\u00bbchino\u00bb align=\u00bbalign_left\u00bb border_width=\u00bb6&#8243; el_width=\u00bb20&#8243;][vc_column_text]Cuando se trata de nuestros servicios, nuestros hu\u00e9spedes experimentar\u00e1n altos est\u00e1ndares de mimos, a [&hellip;]<\/p>\n","protected":false},"author":1,"featured_media":0,"parent":0,"menu_order":0,"comment_status":"closed","ping_status":"closed","template":"","meta":{"footnotes":""},"class_list":["post-927","page","type-page","status-publish","hentry"],"yoast_head":"<!-- This site is optimized with the Yoast SEO plugin v27.4 - https:\/\/yoast.com\/product\/yoast-seo-wordpress\/ -->\n<title>Our Servicios - Mykonian Wild Villas - Alquila tu Villa en Mykonos<\/title>\n<meta name=\"description\" content=\"En lo que respecta a nuestros servicios, los hu\u00e9spedes de nuestra villa experimentar\u00e1n altos est\u00e1ndares de mimos, a trav\u00e9s de nuestros socios cuidadosamente seleccionados en Mykonos.\" \/>\n<meta name=\"robots\" content=\"index, follow, max-snippet:-1, max-image-preview:large, max-video-preview:-1\" \/>\n<link rel=\"canonical\" href=\"https:\/\/mykonianwildvillas.com\/es\/servicios\/\" \/>\n<meta property=\"og:locale\" content=\"es_ES\" \/>\n<meta property=\"og:type\" content=\"article\" \/>\n<meta property=\"og:title\" content=\"Our Servicios - Mykonian Wild Villas - Alquila tu Villa en Mykonos\" \/>\n<meta property=\"og:description\" content=\"En lo que respecta a nuestros servicios, los hu\u00e9spedes de nuestra villa experimentar\u00e1n altos est\u00e1ndares de mimos, a trav\u00e9s de nuestros socios cuidadosamente seleccionados en Mykonos.\" \/>\n<meta property=\"og:url\" content=\"https:\/\/mykonianwildvillas.com\/es\/servicios\/\" \/>\n<meta property=\"og:site_name\" content=\"Mykonian Wild Villas - Mykonos Villas for Rent\" \/>\n<meta property=\"article:modified_time\" content=\"2024-04-18T16:19:30+00:00\" \/>\n<meta property=\"og:image\" content=\"https:\/\/mykonianwildvillas.com\/wp-content\/uploads\/2021\/05\/logo-med-trans-white.png\" \/>\n<meta name=\"twitter:card\" content=\"summary_large_image\" \/>\n<meta name=\"twitter:label1\" content=\"Tiempo de lectura\" \/>\n\t<meta name=\"twitter:data1\" content=\"4 minutos\" \/>\n<script type=\"application\/ld+json\" class=\"yoast-schema-graph\">{\"@context\":\"https:\\\/\\\/schema.org\",\"@graph\":[{\"@type\":\"WebPage\",\"@id\":\"https:\\\/\\\/mykonianwildvillas.com\\\/es\\\/servicios\\\/\",\"url\":\"https:\\\/\\\/mykonianwildvillas.com\\\/es\\\/servicios\\\/\",\"name\":\"Our Servicios - Mykonian Wild Villas - Alquila tu Villa en Mykonos\",\"isPartOf\":{\"@id\":\"https:\\\/\\\/mykonianwildvillas.com\\\/#website\"},\"primaryImageOfPage\":{\"@id\":\"https:\\\/\\\/mykonianwildvillas.com\\\/es\\\/servicios\\\/#primaryimage\"},\"image\":{\"@id\":\"https:\\\/\\\/mykonianwildvillas.com\\\/es\\\/servicios\\\/#primaryimage\"},\"thumbnailUrl\":\"https:\\\/\\\/mykonianwildvillas.com\\\/wp-content\\\/uploads\\\/2021\\\/05\\\/logo-med-trans-white.png\",\"datePublished\":\"2022-04-14T22:15:59+00:00\",\"dateModified\":\"2024-04-18T16:19:30+00:00\",\"description\":\"En lo que respecta a nuestros servicios, los hu\u00e9spedes de nuestra villa experimentar\u00e1n altos est\u00e1ndares de mimos, a trav\u00e9s de nuestros socios cuidadosamente seleccionados en Mykonos.\",\"breadcrumb\":{\"@id\":\"https:\\\/\\\/mykonianwildvillas.com\\\/es\\\/servicios\\\/#breadcrumb\"},\"inLanguage\":\"es\",\"potentialAction\":[{\"@type\":\"ReadAction\",\"target\":[\"https:\\\/\\\/mykonianwildvillas.com\\\/es\\\/servicios\\\/\"]}]},{\"@type\":\"ImageObject\",\"inLanguage\":\"es\",\"@id\":\"https:\\\/\\\/mykonianwildvillas.com\\\/es\\\/servicios\\\/#primaryimage\",\"url\":\"https:\\\/\\\/mykonianwildvillas.com\\\/wp-content\\\/uploads\\\/2021\\\/05\\\/logo-med-trans-white.png\",\"contentUrl\":\"https:\\\/\\\/mykonianwildvillas.com\\\/wp-content\\\/uploads\\\/2021\\\/05\\\/logo-med-trans-white.png\"},{\"@type\":\"BreadcrumbList\",\"@id\":\"https:\\\/\\\/mykonianwildvillas.com\\\/es\\\/servicios\\\/#breadcrumb\",\"itemListElement\":[{\"@type\":\"ListItem\",\"position\":1,\"name\":\"Home\",\"item\":\"https:\\\/\\\/mykonianwildvillas.com\\\/es\\\/\"},{\"@type\":\"ListItem\",\"position\":2,\"name\":\"Servicios\"}]},{\"@type\":\"WebSite\",\"@id\":\"https:\\\/\\\/mykonianwildvillas.com\\\/#website\",\"url\":\"https:\\\/\\\/mykonianwildvillas.com\\\/\",\"name\":\"Mykonian Wild Villas - Mykonos Villas for Rent\",\"description\":\"Book your dream villa in Mykonos\",\"publisher\":{\"@id\":\"https:\\\/\\\/mykonianwildvillas.com\\\/#organization\"},\"potentialAction\":[{\"@type\":\"SearchAction\",\"target\":{\"@type\":\"EntryPoint\",\"urlTemplate\":\"https:\\\/\\\/mykonianwildvillas.com\\\/?s={search_term_string}\"},\"query-input\":{\"@type\":\"PropertyValueSpecification\",\"valueRequired\":true,\"valueName\":\"search_term_string\"}}],\"inLanguage\":\"es\"},{\"@type\":\"Organization\",\"@id\":\"https:\\\/\\\/mykonianwildvillas.com\\\/#organization\",\"name\":\"Mykonian Wild Villas - Mykonos Villas for Rent\",\"url\":\"https:\\\/\\\/mykonianwildvillas.com\\\/\",\"logo\":{\"@type\":\"ImageObject\",\"inLanguage\":\"es\",\"@id\":\"https:\\\/\\\/mykonianwildvillas.com\\\/#\\\/schema\\\/logo\\\/image\\\/\",\"url\":\"https:\\\/\\\/mykonianwildvillas.com\\\/wp-content\\\/uploads\\\/2021\\\/05\\\/logo-med-trans-2.png\",\"contentUrl\":\"https:\\\/\\\/mykonianwildvillas.com\\\/wp-content\\\/uploads\\\/2021\\\/05\\\/logo-med-trans-2.png\",\"width\":326,\"height\":100,\"caption\":\"Mykonian Wild Villas - Mykonos Villas for Rent\"},\"image\":{\"@id\":\"https:\\\/\\\/mykonianwildvillas.com\\\/#\\\/schema\\\/logo\\\/image\\\/\"}}]}<\/script>\n<!-- \/ Yoast SEO plugin. -->","yoast_head_json":{"title":"Our Servicios - Mykonian Wild Villas - Alquila tu Villa en Mykonos","description":"En lo que respecta a nuestros servicios, los hu\u00e9spedes de nuestra villa experimentar\u00e1n altos est\u00e1ndares de mimos, a trav\u00e9s de nuestros socios cuidadosamente seleccionados en Mykonos.","robots":{"index":"index","follow":"follow","max-snippet":"max-snippet:-1","max-image-preview":"max-image-preview:large","max-video-preview":"max-video-preview:-1"},"canonical":"https:\/\/mykonianwildvillas.com\/es\/servicios\/","og_locale":"es_ES","og_type":"article","og_title":"Our Servicios - Mykonian Wild Villas - Alquila tu Villa en Mykonos","og_description":"En lo que respecta a nuestros servicios, los hu\u00e9spedes de nuestra villa experimentar\u00e1n altos est\u00e1ndares de mimos, a trav\u00e9s de nuestros socios cuidadosamente seleccionados en Mykonos.","og_url":"https:\/\/mykonianwildvillas.com\/es\/servicios\/","og_site_name":"Mykonian Wild Villas - Mykonos Villas for Rent","article_modified_time":"2024-04-18T16:19:30+00:00","og_image":[{"url":"https:\/\/mykonianwildvillas.com\/wp-content\/uploads\/2021\/05\/logo-med-trans-white.png","type":"","width":"","height":""}],"twitter_card":"summary_large_image","twitter_misc":{"Tiempo de lectura":"4 minutos"},"schema":{"@context":"https:\/\/schema.org","@graph":[{"@type":"WebPage","@id":"https:\/\/mykonianwildvillas.com\/es\/servicios\/","url":"https:\/\/mykonianwildvillas.com\/es\/servicios\/","name":"Our Servicios - Mykonian Wild Villas - Alquila tu Villa en Mykonos","isPartOf":{"@id":"https:\/\/mykonianwildvillas.com\/#website"},"primaryImageOfPage":{"@id":"https:\/\/mykonianwildvillas.com\/es\/servicios\/#primaryimage"},"image":{"@id":"https:\/\/mykonianwildvillas.com\/es\/servicios\/#primaryimage"},"thumbnailUrl":"https:\/\/mykonianwildvillas.com\/wp-content\/uploads\/2021\/05\/logo-med-trans-white.png","datePublished":"2022-04-14T22:15:59+00:00","dateModified":"2024-04-18T16:19:30+00:00","description":"En lo que respecta a nuestros servicios, los hu\u00e9spedes de nuestra villa experimentar\u00e1n altos est\u00e1ndares de mimos, a trav\u00e9s de nuestros socios cuidadosamente seleccionados en Mykonos.","breadcrumb":{"@id":"https:\/\/mykonianwildvillas.com\/es\/servicios\/#breadcrumb"},"inLanguage":"es","potentialAction":[{"@type":"ReadAction","target":["https:\/\/mykonianwildvillas.com\/es\/servicios\/"]}]},{"@type":"ImageObject","inLanguage":"es","@id":"https:\/\/mykonianwildvillas.com\/es\/servicios\/#primaryimage","url":"https:\/\/mykonianwildvillas.com\/wp-content\/uploads\/2021\/05\/logo-med-trans-white.png","contentUrl":"https:\/\/mykonianwildvillas.com\/wp-content\/uploads\/2021\/05\/logo-med-trans-white.png"},{"@type":"BreadcrumbList","@id":"https:\/\/mykonianwildvillas.com\/es\/servicios\/#breadcrumb","itemListElement":[{"@type":"ListItem","position":1,"name":"Home","item":"https:\/\/mykonianwildvillas.com\/es\/"},{"@type":"ListItem","position":2,"name":"Servicios"}]},{"@type":"WebSite","@id":"https:\/\/mykonianwildvillas.com\/#website","url":"https:\/\/mykonianwildvillas.com\/","name":"Mykonian Wild Villas - Mykonos Villas for Rent","description":"Book your dream villa in Mykonos","publisher":{"@id":"https:\/\/mykonianwildvillas.com\/#organization"},"potentialAction":[{"@type":"SearchAction","target":{"@type":"EntryPoint","urlTemplate":"https:\/\/mykonianwildvillas.com\/?s={search_term_string}"},"query-input":{"@type":"PropertyValueSpecification","valueRequired":true,"valueName":"search_term_string"}}],"inLanguage":"es"},{"@type":"Organization","@id":"https:\/\/mykonianwildvillas.com\/#organization","name":"Mykonian Wild Villas - Mykonos Villas for Rent","url":"https:\/\/mykonianwildvillas.com\/","logo":{"@type":"ImageObject","inLanguage":"es","@id":"https:\/\/mykonianwildvillas.com\/#\/schema\/logo\/image\/","url":"https:\/\/mykonianwildvillas.com\/wp-content\/uploads\/2021\/05\/logo-med-trans-2.png","contentUrl":"https:\/\/mykonianwildvillas.com\/wp-content\/uploads\/2021\/05\/logo-med-trans-2.png","width":326,"height":100,"caption":"Mykonian Wild Villas - Mykonos Villas for Rent"},"image":{"@id":"https:\/\/mykonianwildvillas.com\/#\/schema\/logo\/image\/"}}]}},"_links":{"self":[{"href":"https:\/\/mykonianwildvillas.com\/es\/wp-json\/wp\/v2\/pages\/927","targetHints":{"allow":["GET"]}}],"collection":[{"href":"https:\/\/mykonianwildvillas.com\/es\/wp-json\/wp\/v2\/pages"}],"about":[{"href":"https:\/\/mykonianwildvillas.com\/es\/wp-json\/wp\/v2\/types\/page"}],"author":[{"embeddable":true,"href":"https:\/\/mykonianwildvillas.com\/es\/wp-json\/wp\/v2\/users\/1"}],"replies":[{"embeddable":true,"href":"https:\/\/mykonianwildvillas.com\/es\/wp-json\/wp\/v2\/comments?post=927"}],"version-history":[{"count":4,"href":"https:\/\/mykonianwildvillas.com\/es\/wp-json\/wp\/v2\/pages\/927\/revisions"}],"predecessor-version":[{"id":1050,"href":"https:\/\/mykonianwildvillas.com\/es\/wp-json\/wp\/v2\/pages\/927\/revisions\/1050"}],"wp:attachment":[{"href":"https:\/\/mykonianwildvillas.com\/es\/wp-json\/wp\/v2\/media?parent=927"}],"curies":[{"name":"wp","href":"https:\/\/api.w.org\/{rel}","templated":true}]}}